{"id":629,"date":"2021-04-30T23:47:21","date_gmt":"2021-04-30T21:47:21","guid":{"rendered":"https:\/\/manad.dk\/?page_id=629"},"modified":"2021-05-02T19:05:14","modified_gmt":"2021-05-02T17:05:14","slug":"coaching-af-din-ledelse","status":"publish","type":"page","link":"https:\/\/manad.dk\/en\/coaching-af-din-ledelse\/","title":{"rendered":"ManAd offers Coaching of your management"},"content":{"rendered":"<p>[et_pb_section fb_built=&#8221;1&#8243; fullwidth=&#8221;on&#8221; admin_label=&#8221;Page Header&#8221; _builder_version=&#8221;3.22&#8243; background_image=&#8221;https:\/\/manad.dk\/wp-content\/uploads\/2021\/03\/business-07.jpg&#8221; parallax=&#8221;on&#8221;][et_pb_fullwidth_header title=&#8221;Coachende ledelse&#8221; admin_label=&#8221;Hero Section&#8221; _builder_version=&#8221;4.9.1&#8243; title_font_size=&#8221;60px&#8221; button_one_text_color_hover=&#8221;#6eba01&#8243; button_two_text_color_hover=&#8221;#6eba01&#8243; button_one_border_color_hover=&#8221;#ffffff&#8221; button_two_border_color_hover=&#8221;#ffffff&#8221; button_one_border_radius_hover=&#8221;0&#8243; button_two_border_radius_hover=&#8221;0&#8243; button_one_letter_spacing_hover=&#8221;2&#8243; button_two_letter_spacing_hover=&#8221;2&#8243; button_one_bg_color_hover=&#8221;#ffffff&#8221; button_two_bg_color_hover=&#8221;#ffffff&#8221; button_one_text_size__hover_enabled=&#8221;off&#8221; button_two_text_size__hover_enabled=&#8221;off&#8221; button_one_text_color__hover_enabled=&#8221;on&#8221; button_one_text_color__hover=&#8221;#6eba01&#8243; button_two_text_color__hover_enabled=&#8221;on&#8221; button_two_text_color__hover=&#8221;#6eba01&#8243; button_one_border_width__hover_enabled=&#8221;off&#8221; button_two_border_width__hover_enabled=&#8221;off&#8221; button_one_border_color__hover_enabled=&#8221;on&#8221; button_one_border_color__hover=&#8221;#ffffff&#8221; button_two_border_color__hover_enabled=&#8221;on&#8221; button_two_border_color__hover=&#8221;#ffffff&#8221; button_one_border_radius__hover_enabled=&#8221;on&#8221; button_one_border_radius__hover=&#8221;0&#8243; button_two_border_radius__hover_enabled=&#8221;on&#8221; button_two_border_radius__hover=&#8221;0&#8243; button_one_letter_spacing__hover_enabled=&#8221;on&#8221; button_one_letter_spacing__hover=&#8221;2&#8243; button_two_letter_spacing__hover_enabled=&#8221;on&#8221; button_two_letter_spacing__hover=&#8221;2&#8243; button_one_bg_color__hover_enabled=&#8221;on&#8221; button_one_bg_color__hover=&#8221;#ffffff&#8221; button_two_bg_color__hover_enabled=&#8221;on&#8221; button_two_bg_color__hover=&#8221;#ffffff&#8221; disabled_on=&#8221;on|off|off&#8221;][\/et_pb_fullwidth_header][et_pb_fullwidth_header title=&#8221;Coachende ledelse&#8221; admin_label=&#8221;Hero Section&#8221; _builder_version=&#8221;4.9.4&#8243; title_font_size=&#8221;45px&#8221; hover_enabled=&#8221;0&#8243; button_one_text_color_hover=&#8221;#6eba01&#8243; button_two_text_color_hover=&#8221;#6eba01&#8243; button_one_border_color_hover=&#8221;#ffffff&#8221; button_two_border_color_hover=&#8221;#ffffff&#8221; button_one_border_radius_hover=&#8221;0&#8243; button_two_border_radius_hover=&#8221;0&#8243; button_one_letter_spacing_hover=&#8221;2&#8243; button_two_letter_spacing_hover=&#8221;2&#8243; button_one_bg_color_hover=&#8221;#ffffff&#8221; button_two_bg_color_hover=&#8221;#ffffff&#8221; button_one_text_size__hover_enabled=&#8221;off&#8221; button_two_text_size__hover_enabled=&#8221;off&#8221; button_one_text_color__hover_enabled=&#8221;on&#8221; button_one_text_color__hover=&#8221;#6eba01&#8243; button_two_text_color__hover_enabled=&#8221;on&#8221; button_two_text_color__hover=&#8221;#6eba01&#8243; button_one_border_width__hover_enabled=&#8221;off&#8221; button_two_border_width__hover_enabled=&#8221;off&#8221; button_one_border_color__hover_enabled=&#8221;on&#8221; button_one_border_color__hover=&#8221;#ffffff&#8221; button_two_border_color__hover_enabled=&#8221;on&#8221; button_two_border_color__hover=&#8221;#ffffff&#8221; button_one_border_radius__hover_enabled=&#8221;on&#8221; button_one_border_radius__hover=&#8221;0&#8243; button_two_border_radius__hover_enabled=&#8221;on&#8221; button_two_border_radius__hover=&#8221;0&#8243; button_one_letter_spacing__hover_enabled=&#8221;on&#8221; button_one_letter_spacing__hover=&#8221;2&#8243; button_two_letter_spacing__hover_enabled=&#8221;on&#8221; button_two_letter_spacing__hover=&#8221;2&#8243; button_one_bg_color__hover_enabled=&#8221;on&#8221; button_one_bg_color__hover=&#8221;#ffffff&#8221; button_two_bg_color__hover_enabled=&#8221;on&#8221; button_two_bg_color__hover=&#8221;#ffffff&#8221; disabled_on=&#8221;off|on|on&#8221; sticky_enabled=&#8221;0&#8243; title_level=&#8221;h2&#8243; title_text_align=&#8221;center&#8221;][\/et_pb_fullwidth_header][\/et_pb_section][et_pb_section fb_built=&#8221;1&#8243; admin_label=&#8221;Services&#8221; _builder_version=&#8221;4.9.4&#8243; min_height=&#8221;729px&#8221; custom_margin=&#8221;||-123px|||&#8221; custom_padding=&#8221;90px||90px|&#8221; locked=&#8221;off&#8221;][et_pb_row column_structure=&#8221;2_5,3_5&#8243; _builder_version=&#8221;4.9.4&#8243; _module_preset=&#8221;default&#8221;][et_pb_column type=&#8221;2_5&#8243; _builder_version=&#8221;4.9.4&#8243; _module_preset=&#8221;default&#8221;][et_pb_text _builder_version=&#8221;4.9.4&#8243; _module_preset=&#8221;default&#8221; custom_margin=&#8221;||47px|||&#8221;]<\/p>\n<h2><\/h2>\n<p>&nbsp;<\/p>\n<p>[\/et_pb_text][et_pb_image src=&#8221;https:\/\/manad.dk\/wp-content\/uploads\/2021\/05\/kursus-scaled.jpg&#8221; _builder_version=&#8221;4.9.4&#8243; _module_preset=&#8221;default&#8221;][\/et_pb_image][\/et_pb_column][et_pb_column type=&#8221;3_5&#8243; _builder_version=&#8221;4.9.4&#8243; _module_preset=&#8221;default&#8221;][et_pb_text _builder_version=&#8221;4.9.4&#8243; _module_preset=&#8221;default&#8221;]<\/p>\n<h2 style=\"text-align: center;\">Become a coaching leader<\/h2>\n<p>[\/et_pb_text][et_pb_text _builder_version=&#8221;4.9.4&#8243; _module_preset=&#8221;default&#8221;]<\/p>\n<p>When you coach, it's about finding potential in other people, be it your employees or your stakeholders, and thereby helping them to take full advantage of their opportunities. Through this you can help other people get the most out of their work or themselves as human beings.<\/p>\n<p>By coaching your employees, you not only get satisfied employees, but you also get employees who are more committed and who perform more. ManAd provides five tips to become more coaching in your leadership style:<\/p>\n<p style=\"padding-left: 40px;\">1. Have confidence, always believe in the good in the employee, if employees feel supervised, many lose the desire to be proactive and an apathetic attitude to work easily arises.<\/p>\n<p style=\"padding-left: 40px;\">2. Freedom under responsibility, make the employee take responsibility and remember that all employees are different, some thrive with a great responsibility and others not a minor one.<\/p>\n<p style=\"padding-left: 40px;\">3. Use a structural model for your coaching sessions, it could for example be the CROW model, thereby ensuring that goals and common direction.<\/p>\n<p style=\"padding-left: 40px;\">4. Prepare an action plan, in cases where it makes sense.<\/p>\n<p style=\"padding-left: 40px;\">5. Listen to your employees, this will make you smarter, but you will also ensure that your employees find solutions themselves, which makes them stronger and more skilled.<\/p>\n<p style=\"padding-left: 40px;\">[\/et_pb_text][et_pb_button button_url=&#8221;https:\/\/manad.dk\/kontakt\/&#8221; button_text=&#8221;@ET-DC@eyJkeW5hbWljIjp0cnVlLCJjb250ZW50IjoicG9zdF9saW5rIiwic2V0dGluZ3MiOnsiYmVmb3JlIjoiIiwiYWZ0ZXIiOiIiLCJ0ZXh0IjoiY3VzdG9tIiwiY3VzdG9tX3RleHQiOiJLb250YWt0IG9zIn19@&#8221; button_alignment=&#8221;center&#8221; _builder_version=&#8221;4.9.4&#8243; _dynamic_attributes=&#8221;button_text&#8221; _module_preset=&#8221;default&#8221;][\/et_pb_button][et_pb_text _builder_version=&#8221;4.9.4&#8243; _module_preset=&#8221;default&#8221;]<\/p>\n<p>&nbsp;<\/p>\n<p>[\/et_pb_text][\/et_pb_column][\/et_pb_row][\/et_pb_section][et_pb_section fb_built=&#8221;1&#8243; _builder_version=&#8221;4.9.1&#8243; _module_preset=&#8221;default&#8221; custom_padding=&#8221;4px||0px|||&#8221;][\/et_pb_section]<\/p>","protected":false},"excerpt":{"rendered":"<p>&nbsp;Bliv en coachende lederN\u00e5r du coacher, handler det om at finde et potentiale i andre mennesker, det v\u00e6re sig dine medarbejdere eller dine stakeholders og herigennem bidrage til at de udnytter deres muligheder til fulde. Herigennem kan du hj\u00e6lpe andre mennesker med at f\u00e5 mest ud af deres arbejde eller sig selv som mennesker. Ved [&hellip;]<\/p>","protected":false},"author":4,"featured_media":0,"parent":0,"menu_order":0,"comment_status":"closed","ping_status":"closed","template":"","meta":{"_et_pb_use_builder":"on","_et_pb_old_content":"","_et_gb_content_width":"","footnotes":""},"class_list":["post-629","page","type-page","status-publish","hentry"],"yoast_head":"<!-- This site is optimized with the Yoast SEO plugin v25.2 - https:\/\/yoast.com\/wordpress\/plugins\/seo\/ -->\n<title>ManAd - Indk\u00f8bskonsulent og specialist i indk\u00f8b og sourcing<\/title>\n<meta name=\"description\" content=\"Manad er specialist i indk\u00f8b og sourcing, og kan hj\u00e6lpe din virksomhed med indk\u00f8b, sourcing og store besparelser.\" \/>\n<meta name=\"robots\" content=\"index, follow, max-snippet:-1, max-image-preview:large, max-video-preview:-1\" \/>\n<link rel=\"canonical\" href=\"https:\/\/manad.dk\/en\/coaching-af-din-ledelse\/\" \/>\n<meta property=\"og:locale\" content=\"en_US\" \/>\n<meta property=\"og:type\" content=\"article\" \/>\n<meta property=\"og:title\" content=\"ManAd - Indk\u00f8bskonsulent og specialist i indk\u00f8b og sourcing\" \/>\n<meta property=\"og:description\" content=\"Manad er specialist i indk\u00f8b og sourcing, og kan hj\u00e6lpe din virksomhed med indk\u00f8b, sourcing og store besparelser.\" \/>\n<meta property=\"og:url\" content=\"https:\/\/manad.dk\/en\/coaching-af-din-ledelse\/\" \/>\n<meta property=\"og:site_name\" content=\"ManAd\" \/>\n<meta property=\"article:modified_time\" content=\"2021-05-02T17:05:14+00:00\" \/>\n<meta property=\"og:image\" content=\"https:\/\/manad.dk\/wp-content\/uploads\/2021\/04\/Manad-LOGO-2244x558-1.png\" \/>\n\t<meta property=\"og:image:width\" content=\"2244\" \/>\n\t<meta property=\"og:image:height\" content=\"558\" \/>\n\t<meta property=\"og:image:type\" content=\"image\/png\" \/>\n<meta name=\"twitter:card\" content=\"summary_large_image\" \/>\n<meta name=\"twitter:label1\" content=\"Est. reading time\" \/>\n\t<meta name=\"twitter:data1\" content=\"5 minutes\" \/>\n<script type=\"application\/ld+json\" class=\"yoast-schema-graph\">{\"@context\":\"https:\/\/schema.org\",\"@graph\":[{\"@type\":\"WebPage\",\"@id\":\"https:\/\/manad.dk\/coaching-af-din-ledelse\/\",\"url\":\"https:\/\/manad.dk\/coaching-af-din-ledelse\/\",\"name\":\"ManAd - Indk\u00f8bskonsulent og specialist i indk\u00f8b og sourcing\",\"isPartOf\":{\"@id\":\"https:\/\/manad.dk\/#website\"},\"datePublished\":\"2021-04-30T21:47:21+00:00\",\"dateModified\":\"2021-05-02T17:05:14+00:00\",\"description\":\"Manad er specialist i indk\u00f8b og sourcing, og kan hj\u00e6lpe din virksomhed med indk\u00f8b, sourcing og store besparelser.\",\"breadcrumb\":{\"@id\":\"https:\/\/manad.dk\/coaching-af-din-ledelse\/#breadcrumb\"},\"inLanguage\":\"en-US\",\"potentialAction\":[{\"@type\":\"ReadAction\",\"target\":[\"https:\/\/manad.dk\/coaching-af-din-ledelse\/\"]}]},{\"@type\":\"BreadcrumbList\",\"@id\":\"https:\/\/manad.dk\/coaching-af-din-ledelse\/#breadcrumb\",\"itemListElement\":[{\"@type\":\"ListItem\",\"position\":1,\"name\":\"Hjem\",\"item\":\"https:\/\/manad.dk\/\"},{\"@type\":\"ListItem\",\"position\":2,\"name\":\"ManAd tilbyder Coaching af din ledelse\"}]},{\"@type\":\"WebSite\",\"@id\":\"https:\/\/manad.dk\/#website\",\"url\":\"https:\/\/manad.dk\/\",\"name\":\"ManAd\",\"description\":\"Fokus p\u00e5 strategisk indk\u00f8b, optimering og v\u00e6rdiskabelse\",\"publisher\":{\"@id\":\"https:\/\/manad.dk\/#organization\"},\"alternateName\":\"Management Advisory\",\"potentialAction\":[{\"@type\":\"SearchAction\",\"target\":{\"@type\":\"EntryPoint\",\"urlTemplate\":\"https:\/\/manad.dk\/?s={search_term_string}\"},\"query-input\":{\"@type\":\"PropertyValueSpecification\",\"valueRequired\":true,\"valueName\":\"search_term_string\"}}],\"inLanguage\":\"en-US\"},{\"@type\":\"Organization\",\"@id\":\"https:\/\/manad.dk\/#organization\",\"name\":\"ManAd\",\"alternateName\":\"Management Advisory\",\"url\":\"https:\/\/manad.dk\/\",\"logo\":{\"@type\":\"ImageObject\",\"inLanguage\":\"en-US\",\"@id\":\"https:\/\/manad.dk\/#\/schema\/logo\/image\/\",\"url\":\"https:\/\/manad.dk\/wp-content\/uploads\/2021\/04\/Manad-LOGO-Icon-482x558-1.png\",\"contentUrl\":\"https:\/\/manad.dk\/wp-content\/uploads\/2021\/04\/Manad-LOGO-Icon-482x558-1.png\",\"width\":482,\"height\":558,\"caption\":\"ManAd\"},\"image\":{\"@id\":\"https:\/\/manad.dk\/#\/schema\/logo\/image\/\"},\"sameAs\":[\"https:\/\/www.linkedin.com\/company\/manad-dk-management-advisory\/\"]}]}<\/script>\n<!-- \/ Yoast SEO plugin. -->","yoast_head_json":{"title":"ManAd - Indk\u00f8bskonsulent og specialist i indk\u00f8b og sourcing","description":"Manad er specialist i indk\u00f8b og sourcing, og kan hj\u00e6lpe din virksomhed med indk\u00f8b, sourcing og store besparelser.","robots":{"index":"index","follow":"follow","max-snippet":"max-snippet:-1","max-image-preview":"max-image-preview:large","max-video-preview":"max-video-preview:-1"},"canonical":"https:\/\/manad.dk\/en\/coaching-af-din-ledelse\/","og_locale":"en_US","og_type":"article","og_title":"ManAd - Indk\u00f8bskonsulent og specialist i indk\u00f8b og sourcing","og_description":"Manad er specialist i indk\u00f8b og sourcing, og kan hj\u00e6lpe din virksomhed med indk\u00f8b, sourcing og store besparelser.","og_url":"https:\/\/manad.dk\/en\/coaching-af-din-ledelse\/","og_site_name":"ManAd","article_modified_time":"2021-05-02T17:05:14+00:00","og_image":[{"width":2244,"height":558,"url":"https:\/\/manad.dk\/wp-content\/uploads\/2021\/04\/Manad-LOGO-2244x558-1.png","type":"image\/png"}],"twitter_card":"summary_large_image","twitter_misc":{"Est. reading time":"5 minutes"},"schema":{"@context":"https:\/\/schema.org","@graph":[{"@type":"WebPage","@id":"https:\/\/manad.dk\/coaching-af-din-ledelse\/","url":"https:\/\/manad.dk\/coaching-af-din-ledelse\/","name":"ManAd - Indk\u00f8bskonsulent og specialist i indk\u00f8b og sourcing","isPartOf":{"@id":"https:\/\/manad.dk\/#website"},"datePublished":"2021-04-30T21:47:21+00:00","dateModified":"2021-05-02T17:05:14+00:00","description":"Manad er specialist i indk\u00f8b og sourcing, og kan hj\u00e6lpe din virksomhed med indk\u00f8b, sourcing og store besparelser.","breadcrumb":{"@id":"https:\/\/manad.dk\/coaching-af-din-ledelse\/#breadcrumb"},"inLanguage":"en-US","potentialAction":[{"@type":"ReadAction","target":["https:\/\/manad.dk\/coaching-af-din-ledelse\/"]}]},{"@type":"BreadcrumbList","@id":"https:\/\/manad.dk\/coaching-af-din-ledelse\/#breadcrumb","itemListElement":[{"@type":"ListItem","position":1,"name":"Hjem","item":"https:\/\/manad.dk\/"},{"@type":"ListItem","position":2,"name":"ManAd tilbyder Coaching af din ledelse"}]},{"@type":"WebSite","@id":"https:\/\/manad.dk\/#website","url":"https:\/\/manad.dk\/","name":"ManAd","description":"Fokus p\u00e5 strategisk indk\u00f8b, optimering og v\u00e6rdiskabelse","publisher":{"@id":"https:\/\/manad.dk\/#organization"},"alternateName":"Management Advisory","potentialAction":[{"@type":"SearchAction","target":{"@type":"EntryPoint","urlTemplate":"https:\/\/manad.dk\/?s={search_term_string}"},"query-input":{"@type":"PropertyValueSpecification","valueRequired":true,"valueName":"search_term_string"}}],"inLanguage":"en-US"},{"@type":"Organization","@id":"https:\/\/manad.dk\/#organization","name":"ManAd","alternateName":"Management Advisory","url":"https:\/\/manad.dk\/","logo":{"@type":"ImageObject","inLanguage":"en-US","@id":"https:\/\/manad.dk\/#\/schema\/logo\/image\/","url":"https:\/\/manad.dk\/wp-content\/uploads\/2021\/04\/Manad-LOGO-Icon-482x558-1.png","contentUrl":"https:\/\/manad.dk\/wp-content\/uploads\/2021\/04\/Manad-LOGO-Icon-482x558-1.png","width":482,"height":558,"caption":"ManAd"},"image":{"@id":"https:\/\/manad.dk\/#\/schema\/logo\/image\/"},"sameAs":["https:\/\/www.linkedin.com\/company\/manad-dk-management-advisory\/"]}]}},"_links":{"self":[{"href":"https:\/\/manad.dk\/en\/wp-json\/wp\/v2\/pages\/629","targetHints":{"allow":["GET"]}}],"collection":[{"href":"https:\/\/manad.dk\/en\/wp-json\/wp\/v2\/pages"}],"about":[{"href":"https:\/\/manad.dk\/en\/wp-json\/wp\/v2\/types\/page"}],"author":[{"embeddable":true,"href":"https:\/\/manad.dk\/en\/wp-json\/wp\/v2\/users\/4"}],"replies":[{"embeddable":true,"href":"https:\/\/manad.dk\/en\/wp-json\/wp\/v2\/comments?post=629"}],"version-history":[{"count":20,"href":"https:\/\/manad.dk\/en\/wp-json\/wp\/v2\/pages\/629\/revisions"}],"predecessor-version":[{"id":796,"href":"https:\/\/manad.dk\/en\/wp-json\/wp\/v2\/pages\/629\/revisions\/796"}],"wp:attachment":[{"href":"https:\/\/manad.dk\/en\/wp-json\/wp\/v2\/media?parent=629"}],"curies":[{"name":"wp","href":"https:\/\/api.w.org\/{rel}","templated":true}]}}