{"id":41,"date":"2021-03-08T20:29:30","date_gmt":"2021-03-08T19:29:30","guid":{"rendered":"http:\/\/manad.dk\/?page_id=41"},"modified":"2024-09-29T20:25:32","modified_gmt":"2024-09-29T18:25:32","slug":"konsulentydelser","status":"publish","type":"page","link":"https:\/\/manad.dk\/en\/konsulentydelser\/","title":{"rendered":"Consulting Services"},"content":{"rendered":"<p>[et_pb_section fb_built=&#8221;1&#8243; fullwidth=&#8221;on&#8221; disabled_on=&#8221;off|off|off&#8221; admin_label=&#8221;Page Header&#8221; _builder_version=&#8221;4.16&#8243; background_image=&#8221;https:\/\/manad.dk\/wp-content\/uploads\/2021\/03\/business-07.jpg&#8221; parallax=&#8221;on&#8221; global_colors_info=&#8221;{}&#8221;][et_pb_fullwidth_header title=&#8221;Konsulentydelser&#8221; disabled_on=&#8221;on|off|off&#8221; admin_label=&#8221;Hero Section&#8221; _builder_version=&#8221;4.16&#8243; title_font_size=&#8221;60px&#8221; button_one_text_color_hover=&#8221;#6eba01&#8243; button_two_text_color_hover=&#8221;#6eba01&#8243; button_one_border_color_hover=&#8221;#ffffff&#8221; button_two_border_color_hover=&#8221;#ffffff&#8221; button_one_border_radius_hover=&#8221;0&#8243; button_two_border_radius_hover=&#8221;0&#8243; button_one_letter_spacing_hover=&#8221;2&#8243; button_two_letter_spacing_hover=&#8221;2&#8243; button_one_bg_color_hover=&#8221;#ffffff&#8221; button_two_bg_color_hover=&#8221;#ffffff&#8221; global_colors_info=&#8221;{}&#8221; button_one_text_size__hover_enabled=&#8221;off&#8221; button_two_text_size__hover_enabled=&#8221;off&#8221; button_one_border_width__hover_enabled=&#8221;off&#8221; button_two_border_width__hover_enabled=&#8221;off&#8221;]<\/p>\n<p><span>ManAd offers a wide range of consulting services with the necessary tools and expertise.<\/span><\/p>\n<p>&nbsp;<\/p>\n<p>[\/et_pb_fullwidth_header][et_pb_fullwidth_header title=&#8221;Konsulentydelser&#8221; title_tablet=&#8221;Konsulentydelser&#8221; title_phone=&#8221;Konsulentydelser&#8221; title_last_edited=&#8221;on|phone&#8221; disabled_on=&#8221;off|on|on&#8221; admin_label=&#8221;Hero Section&#8221; _builder_version=&#8221;4.16&#8243; title_level=&#8221;h2&#8243; title_text_align=&#8221;center&#8221; title_font_size=&#8221;28px&#8221; button_one_text_color_hover=&#8221;#6eba01&#8243; button_two_text_color_hover=&#8221;#6eba01&#8243; button_one_border_color_hover=&#8221;#ffffff&#8221; button_two_border_color_hover=&#8221;#ffffff&#8221; button_one_border_radius_hover=&#8221;0&#8243; button_two_border_radius_hover=&#8221;0&#8243; button_one_letter_spacing_hover=&#8221;2&#8243; button_two_letter_spacing_hover=&#8221;2&#8243; button_one_bg_color_hover=&#8221;#ffffff&#8221; button_two_bg_color_hover=&#8221;#ffffff&#8221; global_colors_info=&#8221;{}&#8221; button_one_text_size__hover_enabled=&#8221;off&#8221; button_two_text_size__hover_enabled=&#8221;off&#8221; button_one_border_width__hover_enabled=&#8221;off&#8221; button_two_border_width__hover_enabled=&#8221;off&#8221;]<\/p>\n<p><span>ManAd offers a wide range of consulting services with the necessary tools and expertise.<\/span><\/p>\n<p>&nbsp;<\/p>\n<p>[\/et_pb_fullwidth_header][\/et_pb_section][et_pb_section fb_built=&#8221;1&#8243; admin_label=&#8221;Services&#8221; _builder_version=&#8221;4.16&#8243; custom_padding=&#8221;90px||90px|&#8221; locked=&#8221;off&#8221; global_colors_info=&#8221;{}&#8221;][et_pb_row column_structure=&#8221;2_3,1_3&#8243; _builder_version=&#8221;4.16&#8243; _module_preset=&#8221;default&#8221; animation_style=&#8221;flip&#8221; global_colors_info=&#8221;{}&#8221;][et_pb_column type=&#8221;2_3&#8243; _builder_version=&#8221;4.16&#8243; _module_preset=&#8221;default&#8221; global_colors_info=&#8221;{}&#8221;][et_pb_text admin_label=&#8221;Services Section Title&#8221; _builder_version=&#8221;4.16&#8243; header_font=&#8221;Montserrat||||&#8221; header_text_color=&#8221;#1f1f1f&#8221; header_2_font_size=&#8221;20px&#8221; text_orientation=&#8221;center&#8221; max_width=&#8221;710px&#8221; module_alignment=&#8221;center&#8221; custom_margin=&#8221;||1px|||&#8221; animation_style=&#8221;fold&#8221; animation_direction=&#8221;bottom&#8221; animation_intensity_fold=&#8221;20%&#8221; global_colors_info=&#8221;{}&#8221;]<\/p>\n<h2>We offer the following services<\/h2>\n<p>[\/et_pb_text][et_pb_text admin_label=&#8221;Services Section Subtitle&#8221; _builder_version=&#8221;4.16&#8243; text_line_height=&#8221;1.9em&#8221; background_size=&#8221;initial&#8221; background_position=&#8221;top_left&#8221; background_repeat=&#8221;repeat&#8221; text_orientation=&#8221;center&#8221; max_width=&#8221;710px&#8221; module_alignment=&#8221;center&#8221; custom_padding=&#8221;||0px|||&#8221; animation_style=&#8221;fold&#8221; animation_direction=&#8221;bottom&#8221; animation_intensity_fold=&#8221;20%&#8221; global_colors_info=&#8221;{}&#8221;]<\/p>\n<p class=\"font_1\"><span class=\"color_15\">CEO and owner of the company, Bettina R\u00f8nn Laugesen, has a strong track record.<\/span><\/p>\n<p class=\"font_1\"><span class=\"color_15\">For the last almost 20 years, Bettina has built up her competencies at senior level within purchasing management, supply chain management and production management, both through her work, but also through relevant education. Bettina is used to working with strategy with a focus on quality, delivery and TCO that takes the company to the next level.<\/span><\/p>\n<p class=\"font_1\"><span class=\"color_15\"><\/span><\/p>\n<p class=\"font_1\"><span class=\"color_15\">She holds both an HD (O) and an HD (SCM) from CBS as well as an Executive MBA from Henley Business School. She has worked in Egmont, Gyldendal, Tryg, Canon and most recently as Global Procurement Director at SimCorp.<\/span><\/p>\n<p>[\/et_pb_text][\/et_pb_column][et_pb_column type=&#8221;1_3&#8243; _builder_version=&#8221;4.16&#8243; _module_preset=&#8221;default&#8221; global_colors_info=&#8221;{}&#8221;][et_pb_text _builder_version=&#8221;4.16&#8243; _module_preset=&#8221;default&#8221; global_colors_info=&#8221;{}&#8221;]<\/p>\n<h2><\/h2>\n<p>[\/et_pb_text][et_pb_image src=&#8221;https:\/\/manad.dk\/wp-content\/uploads\/2021\/05\/CEO-i-farver.jpg&#8221; align=&#8221;center&#8221; _builder_version=&#8221;4.16&#8243; _module_preset=&#8221;default&#8221; max_height=&#8221;348px&#8221; global_colors_info=&#8221;{}&#8221;][\/et_pb_image][\/et_pb_column][\/et_pb_row][\/et_pb_section][et_pb_section fb_built=&#8221;1&#8243; _builder_version=&#8221;4.16&#8243; _module_preset=&#8221;default&#8221; custom_padding=&#8221;4px||78px|||&#8221; global_colors_info=&#8221;{}&#8221;][et_pb_row column_structure=&#8221;1_3,1_3,1_3&#8243; _builder_version=&#8221;4.16&#8243; _module_preset=&#8221;default&#8221; custom_margin=&#8221;-36px|auto||auto||&#8221; global_colors_info=&#8221;{}&#8221;][et_pb_column type=&#8221;1_3&#8243; _builder_version=&#8221;4.16&#8243; _module_preset=&#8221;default&#8221; global_colors_info=&#8221;{}&#8221;][et_pb_text _builder_version=&#8221;4.16&#8243; _module_preset=&#8221;default&#8221; text_font=&#8221;||||||||&#8221; animation_style=&#8221;fold&#8221; global_colors_info=&#8221;{}&#8221;]<\/p>\n<h2 style=\"text-align: center;\">Contract negotiation<\/h2>\n<p style=\"text-align: center;\"><span style=\"font-size: medium; font-family: inherit;\">At ManAd, we can help with the good purchasing negotiation that creates better conditions on existing or new agreements and contracts. We have extensive experience in making the right requirements specification, negotiating the good supplier agreement and subsequently handling it so that the entire process is taken care of. We help set up the right SLAs and implement a contract management system to create minimal risk and a full overview going forward. We can also support the employees' competencies by making targeted courses in contract negotiation and negotiation techniques so that in the future you can lift the function yourself.<\/span><\/p>\n<p style=\"text-align: center;\"><span style=\"font-size: medium; font-family: inherit;\">We are happy to help with both large and small projects, contact us <a href=\"https:\/\/manad.dk\/en\/kontakt\/\">here<\/a>.<\/span><\/p>\n<p style=\"text-align: center;\">[\/et_pb_text][\/et_pb_column][et_pb_column type=&#8221;1_3&#8243; _builder_version=&#8221;4.16&#8243; _module_preset=&#8221;default&#8221; global_colors_info=&#8221;{}&#8221;][et_pb_text _builder_version=&#8221;4.16&#8243; _module_preset=&#8221;default&#8221; animation_style=&#8221;fold&#8221; global_colors_info=&#8221;{}&#8221;]<\/p>\n<h2 style=\"text-align: center;\">Business optimization<\/h2>\n<p style=\"text-align: center;\"><span style=\"font-size: medium;\">At ManAd, we focus on strategic procurement, business optimization and value creation. We can help you start up a professional purchasing department, set up the right processes and teams and optimize the operational tasks based on, among other things. LEAN principles. Our focus is on accelerating process optimization and value creation, resulting in huge savings. The green transition is upon us and that is why we also have a strong focus on sustainability in the value chain. We help set up a strong pipeline whereby you as a company can achieve large savings for a long time to come. We can also train your employees so that they achieve core competencies within purchasing, so that you are stronger in the future.<\/span><\/p>\n<p style=\"text-align: center;\"><span style=\"font-size: medium;\">We are happy to help with both large and small projects, contact us <a href=\"https:\/\/manad.dk\/en\/kontakt\/\">here<\/a>.<\/span><\/p>\n<p>[\/et_pb_text][\/et_pb_column][et_pb_column type=&#8221;1_3&#8243; _builder_version=&#8221;4.16&#8243; _module_preset=&#8221;default&#8221; global_colors_info=&#8221;{}&#8221;][et_pb_text _builder_version=&#8221;4.16&#8243; _module_preset=&#8221;default&#8221; animation_style=&#8221;fold&#8221; global_colors_info=&#8221;{}&#8221;]<\/p>\n<h2 style=\"text-align: center;\">Facility Management<\/h2>\n<p style=\"text-align: center;\"><span>At ManAd, we have extensive experience in Facility Management agreements, Facility Service agreements and leasing, and operation of premises and buildings. There are many savings opportunities by having the right setup and agreements, both in Denmark and globally. This has become even more apparent during the entire Covid-19 pandemic, where employees suddenly work from home and therefore do not need the same number of sqm per. employee. Here it is important to have the flexible contracts and agreements that make it possible to scale up and down very quickly, so that costs can be kept down. We also have a strong focus on sustainability and green procurement.<\/span><\/p>\n<p style=\"text-align: center;\">We are happy to help with both large and small projects, contact us <a href=\"https:\/\/manad.dk\/en\/kontakt\/\">here<\/a>.<\/p>\n<p>[\/et_pb_text][\/et_pb_column][\/et_pb_row][\/et_pb_section][et_pb_section fb_built=&#8221;1&#8243; _builder_version=&#8221;4.16&#8243; _module_preset=&#8221;default&#8221; custom_margin=&#8221;-71px|||||&#8221; global_colors_info=&#8221;{}&#8221;][et_pb_row _builder_version=&#8221;4.27.0&#8243; _module_preset=&#8221;default&#8221; animation_style=&#8221;fold&#8221; global_colors_info=&#8221;{}&#8221;][et_pb_column type=&#8221;4_4&#8243; _builder_version=&#8221;4.16&#8243; _module_preset=&#8221;default&#8221; global_colors_info=&#8221;{}&#8221;][et_pb_button button_url=&#8221;https:\/\/manad.dk\/kontakt\/&#8221; button_text=&#8221;Kontakt os for at h\u00f8re mere&#8221; button_alignment=&#8221;center&#8221; _builder_version=&#8221;4.16&#8243; _module_preset=&#8221;default&#8221; custom_margin=&#8221;-50px||||false|false&#8221; custom_padding=&#8221;10px||10px||false|false&#8221; animation_style=&#8221;flip&#8221; global_colors_info=&#8221;{}&#8221;][\/et_pb_button][\/et_pb_column][\/et_pb_row][et_pb_row _builder_version=&#8221;4.27.0&#8243; _module_preset=&#8221;default&#8221; animation_style=&#8221;flip&#8221; global_colors_info=&#8221;{}&#8221;][et_pb_column type=&#8221;4_4&#8243; _builder_version=&#8221;4.27.0&#8243; _module_preset=&#8221;default&#8221; global_colors_info=&#8221;{}&#8221;][et_pb_text _builder_version=&#8221;4.27.0&#8243; _module_preset=&#8221;default&#8221; global_colors_info=&#8221;{}&#8221;]<\/p>\n<h2 style=\"text-align: center;\">Consulting services with a focus on purchasing strategy and supply chain management<\/h2>\n<p style=\"text-align: center;\">We offer consulting services with a focus on strategic purchasing, supply chain management and production management. Director and owner of the company, Bettina R\u00f8nn Laugesen, has built up solid experience through her almost 20 years in senior positions.<\/p>\n<p style=\"text-align: center;\">With a strong background in both theory and practice, Bettina has managed to help companies improve their processes and optimize their purchases. She is an expert in developing strategies that focus on total cost of ownership (TCO), quality and delivery that can take your business to the next level.<\/p>\n<h2 style=\"text-align: center;\">Bettina R\u00f8nn Laugesen's experience and education<\/h2>\n<p style=\"text-align: center;\">Over the years, Bettina R\u00f8nn Laugesen has built up extensive experience in purchasing management and supply chain management. Her career spans several large Danish companies such as Egmont, Gyldendal, Tryg, Canon and most recently SimCorp, where she worked as Global Procurement Director.<\/p>\n<p style=\"text-align: center;\">To further strengthen her professional knowledge, Bettina has taken a number of courses, including an HD (O) and HD (SCM) from CBS as well as an Executive MBA from Henley Business School. These courses have given her a deep understanding of both the theoretical and practical aspects of purchasing strategies and business development.<\/p>\n<h2 style=\"text-align: center;\">Strategic consulting that delivers results<\/h2>\n<p style=\"text-align: center;\">Our consulting services are aimed at companies in Denmark that want to optimize their purchases, reduce costs and improve delivery reliability. By collaborating with Bettina, your company gets access to an advisor who has a proven track record and the ability to create noticeable improvements.<\/p>\n<p style=\"text-align: center;\">Strategic purchasing is not only about saving money \u2013 it is also about choosing the right suppliers, ensuring delivery quality and strengthening business relationships that can create value in the long term. Bettina works closely with clients to develop solutions that fit their unique needs.<\/p>\n<p style=\"text-align: center;\" class=\"translation-block\">For more information about our consulting services, you can visit our page on <a href=\"https:\/\/manad.dk\/en\/konsulentydelser\/\" target=\"_self\">consulting services<\/a> and read about our approach and results.<\/p>\n<h2 style=\"text-align: center;\">A proven success in large companies<\/h2>\n<p style=\"text-align: center;\">Throughout her career, Bettina has worked with both national and international companies and has created solid results in the form of improved efficiency, reduced costs and strengthened cooperation with suppliers. Among the companies where she has made a difference, we find some of Denmark's biggest brands such as Egmont, Gyldendal and Tryg.<\/p>\n<p style=\"text-align: center;\" class=\"translation-block\">Read more about important management skills in our article on the <a href=\"https:\/\/manad.dk\/en\/5-vigtigste-ledelseskompetencer\/\" target=\"_self\">5 most important management skills<\/a> in strategic purchasing and management.<\/p>\n<h2 style=\"text-align: center;\">Sustainable procurement and cost optimization<\/h2>\n<p style=\"text-align: center;\">In today's business climate, there is an increasing focus on sustainability, and here Bettina can offer valuable advice. Through her experience in green procurement, she has helped companies achieve sustainable results without compromising on cost-effectiveness.<\/p>\n<p style=\"text-align: center;\" class=\"translation-block\">Read more about why <a href=\"https:\/\/manad.dk\/en\/baeredygtighed-og-indkoeb-gaar-haand-i-haand\/\" target=\"_self\">sustainability and purchasing<\/a> go hand in hand, and why it is important to choose green solutions now.<\/p>\n<p style=\"text-align: center;\">Contact us today and let us help your business achieve a greener and more efficient future.<\/p>\n<p>[\/et_pb_text][\/et_pb_column][\/et_pb_row][\/et_pb_section]<\/p>","protected":false},"excerpt":{"rendered":"<p>ManAd tilbyder en bred vifte af konsulentydelser med de n\u00f8dvendige v\u00e6rkt\u00f8jer og ekspertise. &nbsp;ManAd tilbyder en bred vifte af konsulentydelser med de n\u00f8dvendige v\u00e6rkt\u00f8jer og ekspertise. &nbsp;Vi tilbyder f\u00f8lgende ydelserDirekt\u00f8r og\u00a0ejer af virksomheden, Bettina R\u00f8nn Laugesen, har en st\u00e6rk track record. I de sidste n\u00e6sten 20 \u00e5r har Bettina opbygget sine kompetencer p\u00e5 seniorniveau indenfor [&hellip;]<\/p>","protected":false},"author":4,"featured_media":0,"parent":0,"menu_order":0,"comment_status":"closed","ping_status":"closed","template":"","meta":{"_et_pb_use_builder":"on","_et_pb_old_content":"<!-- wp:divi\/placeholder \/-->","_et_gb_content_width":"","footnotes":""},"class_list":["post-41","page","type-page","status-publish","hentry"],"yoast_head":"<!-- This site is optimized with the Yoast SEO plugin v25.2 - https:\/\/yoast.com\/wordpress\/plugins\/seo\/ -->\n<title>Konsulentydelser \u2013 Strategisk r\u00e5dgivning af Bettina R\u00f8nn Laugesen<\/title>\n<meta name=\"description\" content=\"Konsulentydelser med fokus p\u00e5 indk\u00f8bsstrategi og supply chain management. Vi leverer r\u00e5dgivning til virksomheder i hele Danmark. \ud83d\udcca\" \/>\n<meta name=\"robots\" content=\"index, follow, max-snippet:-1, max-image-preview:large, max-video-preview:-1\" \/>\n<link rel=\"canonical\" href=\"https:\/\/manad.dk\/en\/konsulentydelser\/\" \/>\n<meta property=\"og:locale\" content=\"en_US\" \/>\n<meta property=\"og:type\" content=\"article\" \/>\n<meta property=\"og:title\" content=\"Konsulentydelser \u2013 Strategisk r\u00e5dgivning af Bettina R\u00f8nn Laugesen\" \/>\n<meta property=\"og:description\" content=\"Konsulentydelser med fokus p\u00e5 indk\u00f8bsstrategi og supply chain management. Vi leverer r\u00e5dgivning til virksomheder i hele Danmark. \ud83d\udcca\" \/>\n<meta property=\"og:url\" content=\"https:\/\/manad.dk\/en\/konsulentydelser\/\" \/>\n<meta property=\"og:site_name\" content=\"ManAd\" \/>\n<meta property=\"article:modified_time\" content=\"2024-09-29T18:25:32+00:00\" \/>\n<meta property=\"og:image\" content=\"https:\/\/manad.dk\/wp-content\/uploads\/2021\/04\/Manad-LOGO-2244x558-1.png\" \/>\n\t<meta property=\"og:image:width\" content=\"2244\" \/>\n\t<meta property=\"og:image:height\" content=\"558\" \/>\n\t<meta property=\"og:image:type\" content=\"image\/png\" \/>\n<meta name=\"twitter:card\" content=\"summary_large_image\" \/>\n<meta name=\"twitter:label1\" content=\"Est. reading time\" \/>\n\t<meta name=\"twitter:data1\" content=\"3 minutes\" \/>\n<script type=\"application\/ld+json\" class=\"yoast-schema-graph\">{\"@context\":\"https:\/\/schema.org\",\"@graph\":[{\"@type\":\"WebPage\",\"@id\":\"https:\/\/manad.dk\/konsulentydelser\/\",\"url\":\"https:\/\/manad.dk\/konsulentydelser\/\",\"name\":\"Konsulentydelser \u2013 Strategisk r\u00e5dgivning af Bettina R\u00f8nn Laugesen\",\"isPartOf\":{\"@id\":\"https:\/\/manad.dk\/#website\"},\"datePublished\":\"2021-03-08T19:29:30+00:00\",\"dateModified\":\"2024-09-29T18:25:32+00:00\",\"description\":\"Konsulentydelser med fokus p\u00e5 indk\u00f8bsstrategi og supply chain management. Vi leverer r\u00e5dgivning til virksomheder i hele Danmark. \ud83d\udcca\",\"breadcrumb\":{\"@id\":\"https:\/\/manad.dk\/konsulentydelser\/#breadcrumb\"},\"inLanguage\":\"en-US\",\"potentialAction\":[{\"@type\":\"ReadAction\",\"target\":[\"https:\/\/manad.dk\/konsulentydelser\/\"]}]},{\"@type\":\"BreadcrumbList\",\"@id\":\"https:\/\/manad.dk\/konsulentydelser\/#breadcrumb\",\"itemListElement\":[{\"@type\":\"ListItem\",\"position\":1,\"name\":\"Hjem\",\"item\":\"https:\/\/manad.dk\/\"},{\"@type\":\"ListItem\",\"position\":2,\"name\":\"Konsulentydelser\"}]},{\"@type\":\"WebSite\",\"@id\":\"https:\/\/manad.dk\/#website\",\"url\":\"https:\/\/manad.dk\/\",\"name\":\"ManAd\",\"description\":\"Fokus p\u00e5 strategisk indk\u00f8b, optimering og v\u00e6rdiskabelse\",\"publisher\":{\"@id\":\"https:\/\/manad.dk\/#organization\"},\"alternateName\":\"Management Advisory\",\"potentialAction\":[{\"@type\":\"SearchAction\",\"target\":{\"@type\":\"EntryPoint\",\"urlTemplate\":\"https:\/\/manad.dk\/?s={search_term_string}\"},\"query-input\":{\"@type\":\"PropertyValueSpecification\",\"valueRequired\":true,\"valueName\":\"search_term_string\"}}],\"inLanguage\":\"en-US\"},{\"@type\":\"Organization\",\"@id\":\"https:\/\/manad.dk\/#organization\",\"name\":\"ManAd\",\"alternateName\":\"Management Advisory\",\"url\":\"https:\/\/manad.dk\/\",\"logo\":{\"@type\":\"ImageObject\",\"inLanguage\":\"en-US\",\"@id\":\"https:\/\/manad.dk\/#\/schema\/logo\/image\/\",\"url\":\"https:\/\/manad.dk\/wp-content\/uploads\/2021\/04\/Manad-LOGO-Icon-482x558-1.png\",\"contentUrl\":\"https:\/\/manad.dk\/wp-content\/uploads\/2021\/04\/Manad-LOGO-Icon-482x558-1.png\",\"width\":482,\"height\":558,\"caption\":\"ManAd\"},\"image\":{\"@id\":\"https:\/\/manad.dk\/#\/schema\/logo\/image\/\"},\"sameAs\":[\"https:\/\/www.linkedin.com\/company\/manad-dk-management-advisory\/\"]}]}<\/script>\n<!-- \/ Yoast SEO plugin. -->","yoast_head_json":{"title":"Konsulentydelser \u2013 Strategisk r\u00e5dgivning af Bettina R\u00f8nn Laugesen","description":"Konsulentydelser med fokus p\u00e5 indk\u00f8bsstrategi og supply chain management. Vi leverer r\u00e5dgivning til virksomheder i hele Danmark. \ud83d\udcca","robots":{"index":"index","follow":"follow","max-snippet":"max-snippet:-1","max-image-preview":"max-image-preview:large","max-video-preview":"max-video-preview:-1"},"canonical":"https:\/\/manad.dk\/en\/konsulentydelser\/","og_locale":"en_US","og_type":"article","og_title":"Konsulentydelser \u2013 Strategisk r\u00e5dgivning af Bettina R\u00f8nn Laugesen","og_description":"Konsulentydelser med fokus p\u00e5 indk\u00f8bsstrategi og supply chain management. Vi leverer r\u00e5dgivning til virksomheder i hele Danmark. \ud83d\udcca","og_url":"https:\/\/manad.dk\/en\/konsulentydelser\/","og_site_name":"ManAd","article_modified_time":"2024-09-29T18:25:32+00:00","og_image":[{"width":2244,"height":558,"url":"https:\/\/manad.dk\/wp-content\/uploads\/2021\/04\/Manad-LOGO-2244x558-1.png","type":"image\/png"}],"twitter_card":"summary_large_image","twitter_misc":{"Est. reading time":"3 minutes"},"schema":{"@context":"https:\/\/schema.org","@graph":[{"@type":"WebPage","@id":"https:\/\/manad.dk\/konsulentydelser\/","url":"https:\/\/manad.dk\/konsulentydelser\/","name":"Konsulentydelser \u2013 Strategisk r\u00e5dgivning af Bettina R\u00f8nn Laugesen","isPartOf":{"@id":"https:\/\/manad.dk\/#website"},"datePublished":"2021-03-08T19:29:30+00:00","dateModified":"2024-09-29T18:25:32+00:00","description":"Konsulentydelser med fokus p\u00e5 indk\u00f8bsstrategi og supply chain management. Vi leverer r\u00e5dgivning til virksomheder i hele Danmark. \ud83d\udcca","breadcrumb":{"@id":"https:\/\/manad.dk\/konsulentydelser\/#breadcrumb"},"inLanguage":"en-US","potentialAction":[{"@type":"ReadAction","target":["https:\/\/manad.dk\/konsulentydelser\/"]}]},{"@type":"BreadcrumbList","@id":"https:\/\/manad.dk\/konsulentydelser\/#breadcrumb","itemListElement":[{"@type":"ListItem","position":1,"name":"Hjem","item":"https:\/\/manad.dk\/"},{"@type":"ListItem","position":2,"name":"Konsulentydelser"}]},{"@type":"WebSite","@id":"https:\/\/manad.dk\/#website","url":"https:\/\/manad.dk\/","name":"ManAd","description":"Fokus p\u00e5 strategisk indk\u00f8b, optimering og v\u00e6rdiskabelse","publisher":{"@id":"https:\/\/manad.dk\/#organization"},"alternateName":"Management Advisory","potentialAction":[{"@type":"SearchAction","target":{"@type":"EntryPoint","urlTemplate":"https:\/\/manad.dk\/?s={search_term_string}"},"query-input":{"@type":"PropertyValueSpecification","valueRequired":true,"valueName":"search_term_string"}}],"inLanguage":"en-US"},{"@type":"Organization","@id":"https:\/\/manad.dk\/#organization","name":"ManAd","alternateName":"Management Advisory","url":"https:\/\/manad.dk\/","logo":{"@type":"ImageObject","inLanguage":"en-US","@id":"https:\/\/manad.dk\/#\/schema\/logo\/image\/","url":"https:\/\/manad.dk\/wp-content\/uploads\/2021\/04\/Manad-LOGO-Icon-482x558-1.png","contentUrl":"https:\/\/manad.dk\/wp-content\/uploads\/2021\/04\/Manad-LOGO-Icon-482x558-1.png","width":482,"height":558,"caption":"ManAd"},"image":{"@id":"https:\/\/manad.dk\/#\/schema\/logo\/image\/"},"sameAs":["https:\/\/www.linkedin.com\/company\/manad-dk-management-advisory\/"]}]}},"_links":{"self":[{"href":"https:\/\/manad.dk\/en\/wp-json\/wp\/v2\/pages\/41","targetHints":{"allow":["GET"]}}],"collection":[{"href":"https:\/\/manad.dk\/en\/wp-json\/wp\/v2\/pages"}],"about":[{"href":"https:\/\/manad.dk\/en\/wp-json\/wp\/v2\/types\/page"}],"author":[{"embeddable":true,"href":"https:\/\/manad.dk\/en\/wp-json\/wp\/v2\/users\/4"}],"replies":[{"embeddable":true,"href":"https:\/\/manad.dk\/en\/wp-json\/wp\/v2\/comments?post=41"}],"version-history":[{"count":15,"href":"https:\/\/manad.dk\/en\/wp-json\/wp\/v2\/pages\/41\/revisions"}],"predecessor-version":[{"id":1170,"href":"https:\/\/manad.dk\/en\/wp-json\/wp\/v2\/pages\/41\/revisions\/1170"}],"wp:attachment":[{"href":"https:\/\/manad.dk\/en\/wp-json\/wp\/v2\/media?parent=41"}],"curies":[{"name":"wp","href":"https:\/\/api.w.org\/{rel}","templated":true}]}}